{"id":15,"date":"2015-06-12T01:27:22","date_gmt":"2015-06-11T23:27:22","guid":{"rendered":"http:\/\/www.danilostefanovic.com\/?page_id=15"},"modified":"2021-04-27T20:24:50","modified_gmt":"2021-04-27T18:24:50","slug":"about","status":"publish","type":"page","link":"https:\/\/www.danilostefanovic.com\/rs\/about\/","title":{"rendered":"O meni"},"content":{"rendered":"<p><img loading=\"lazy\" decoding=\"async\" class=\"aligncenter size-full wp-image-847\" src=\"http:\/\/www.danilostefanovic.com\/images\/about.png\" alt=\"The Creator\" width=\"320\" height=\"320\" data-id=\"847\" srcset=\"https:\/\/www.danilostefanovic.com\/images\/about.png 600w, https:\/\/www.danilostefanovic.com\/images\/about-250x250.png 250w, https:\/\/www.danilostefanovic.com\/images\/about-400x400.png 400w\" sizes=\"auto, (max-width: 320px) 100vw, 320px\" \/><br \/>\n&nbsp;<\/p>\n<p style=\"text-align: justify;\">\u2003\u2003\u2003Ro\u0111en sam se i odrastao u \u0160apcu, u zapadnoj Srbiji. Posle zavr\u0161ene srednje \u0161kole preselio sam se u Novi Sad kako bih nastavio obrazovanje na Fakultetu Tehni\u010dkih Nauka, a posle diplomiranja sam se vratio u svoj rodni grad.<\/p>\n<p style=\"text-align: justify;\">\u2003\u2003\u2003Moj prvi susret sa fotografijom bio je sa o\u010devim Petri 7s analognim fotoaparatom. S obzirom da sam bio samo klinac koji je ve\u0107inu filma tro\u0161io na lo\u0161e slike pejza\u017ea, bez ikakve literature o fotografiji (koju verovatno ne bih ni \u010ditao), bez nekog da me podu\u010dava (otac je koristio aparat uglavnom za porodi\u010dne slike) i kako je razvijanje filma bilo relativno skupo ovaj hobi nije imao plodnu podlogu za rast. Pa sam dohvatio gitaru.<\/p>\n<p style=\"text-align: justify;\">\u2003\u2003\u2003Tokom osnovne i srednje \u0161kole okru\u017een drugarima koji su znali da crtaju i slikaju po\u017eeleo sam i ja da se oprobam, ali nikad nisam bio dovoljno dobar u tome. Sada i znam za\u0161to, ni crtanje ni slikanje nikad nije bila moja strast. Sa druge strane gitara jeste. Sviranje po ceo dan je bilo u\u017eivanje, dok crtanje jednostavno nije. To je ona vrsta hobija koji \u017eelite da posedujete automatski, bez ulaganja ikakvog truda. A to jednostavno ne mo\u017ee. Razlog zbog kojeg sam bio zainteresovan za crtanje je \u0161to sam imao jaku \u017eelju da se vizuelno izrazim. Fotografija je bila klju\u010d. Nisam to odmah shvatio, sve dok nisam odrastao i krenuo da idem na pe\u0161a\u010denja po prirodi sa drugarima. Tada sam otkrio koliko mi nedostaje alatka sa kojom bih zabele\u017eio lepote prirode. Kako je digitalna era bila tek na po\u010detku morao sam da sa\u010dekam jo\u0161 malo dok aparati nisu postali jeftiniji i tek u julu 2014-te sam se dokopao svog prvog digitalnog fotoaparata. Avantura je moglo da po\u010dne!<\/p>\n<p style=\"text-align: justify;\">\u2003\u2003\u2003Oduvek sam voleo prirodu i radije bih proveo vreme okru\u017een drve\u0107em i brdima nego betonom, zato sam uglavnom i zainteresovan za fotografisanje prirode i pejza\u017ea. Ali se nisam ograni\u010dio samo na to, s vremena na vreme uslikam ne\u0161to potpuno druga\u010dije \u010disto da u\u010dinim stvari zanimljivijim.<\/p>\n<p style=\"text-align: justify;\">\u2003\u2003\u2003Tako da bacite pogled na moju <a href=\"https:\/\/www.danilostefanovic.com\/rs\/gallery\/\" class=\"link\">galeriju<\/a> ili ako imate bilo kakvih pitanja slobodno me <a href=\"https:\/\/www.danilostefanovic.com\/rs\/contact\/\" class=\"link\">kontaktirajte<\/a>.<\/p>\n<p><\/p>","protected":false},"excerpt":{"rendered":"<p>&nbsp; \u2003\u2003\u2003Ro\u0111en sam se i odrastao u \u0160apcu, u zapadnoj Srbiji. Posle zavr\u0161ene srednje \u0161kole preselio sam se u Novi&#8230;<\/p>\n","protected":false},"author":1,"featured_media":0,"parent":0,"menu_order":0,"comment_status":"closed","ping_status":"closed","template":"","meta":{"footnotes":""},"class_list":["post-15","page","type-page","status-publish","hentry"],"yoast_head":"<!-- This site is optimized with the Yoast SEO plugin v26.5 - https:\/\/yoast.com\/wordpress\/plugins\/seo\/ -->\n<title>O meni | Danilo Stefanovi\u0107<\/title>\n<meta name=\"description\" content=\"I was born and grew up in city of \u0160abac, in western Serbia. After high school I moved to Novi Sad to continue with my studies at Faculty of Technical Sciences...\" \/>\n<meta name=\"robots\" content=\"index, follow, max-snippet:-1, max-image-preview:large, max-video-preview:-1\" \/>\n<link rel=\"canonical\" href=\"https:\/\/www.danilostefanovic.com\/about\/\" \/>\n<meta property=\"og:locale\" content=\"en_US\" \/>\n<meta property=\"og:type\" content=\"article\" \/>\n<meta property=\"og:title\" content=\"About me | Danilo Stefanovic\" \/>\n<meta property=\"og:description\" content=\"I was born and grew up in city of \u0160abac, in western Serbia. After high school I moved to Novi Sad to continue with my studies at Faculty of Technical Sciences...\" \/>\n<meta property=\"og:url\" content=\"https:\/\/www.danilostefanovic.com\/about\/\" \/>\n<meta property=\"og:site_name\" content=\"Danilo Stefanovi\u0107\" \/>\n<meta property=\"article:publisher\" content=\"http:\/\/www.facebook.com\/TalesOfAldebaran\" \/>\n<meta property=\"article:modified_time\" content=\"2021-04-27T18:24:50+00:00\" \/>\n<meta property=\"og:image\" content=\"https:\/\/www.danilostefanovic.com\/images\/about.png\" \/>\n\t<meta property=\"og:image:width\" content=\"600\" \/>\n\t<meta property=\"og:image:height\" content=\"600\" \/>\n\t<meta property=\"og:image:type\" content=\"image\/png\" \/>\n<meta name=\"twitter:card\" content=\"summary_large_image\" \/>\n<meta name=\"twitter:title\" content=\"About me | Danilo Stefanovic\" \/>\n<meta name=\"twitter:label1\" content=\"Est. reading time\" \/>\n\t<meta name=\"twitter:data1\" content=\"4 minutes\" \/>\n<script type=\"application\/ld+json\" class=\"yoast-schema-graph\">{\"@context\":\"https:\/\/schema.org\",\"@graph\":[{\"@type\":\"WebPage\",\"@id\":\"https:\/\/www.danilostefanovic.com\/about\/\",\"url\":\"https:\/\/www.danilostefanovic.com\/about\/\",\"name\":\"O meni | Danilo Stefanovi\u0107\",\"isPartOf\":{\"@id\":\"https:\/\/www.danilostefanovic.com\/#website\"},\"primaryImageOfPage\":{\"@id\":\"https:\/\/www.danilostefanovic.com\/about\/#primaryimage\"},\"image\":{\"@id\":\"https:\/\/www.danilostefanovic.com\/about\/#primaryimage\"},\"thumbnailUrl\":\"http:\/\/www.danilostefanovic.com\/images\/about.png\",\"datePublished\":\"2015-06-11T23:27:22+00:00\",\"dateModified\":\"2021-04-27T18:24:50+00:00\",\"description\":\"I was born and grew up in city of \u0160abac, in western Serbia. After high school I moved to Novi Sad to continue with my studies at Faculty of Technical Sciences...\",\"breadcrumb\":{\"@id\":\"https:\/\/www.danilostefanovic.com\/about\/#breadcrumb\"},\"inLanguage\":\"rs\",\"potentialAction\":[{\"@type\":\"ReadAction\",\"target\":[\"https:\/\/www.danilostefanovic.com\/about\/\"]}]},{\"@type\":\"ImageObject\",\"inLanguage\":\"rs\",\"@id\":\"https:\/\/www.danilostefanovic.com\/about\/#primaryimage\",\"url\":\"http:\/\/www.danilostefanovic.com\/images\/about.png\",\"contentUrl\":\"http:\/\/www.danilostefanovic.com\/images\/about.png\"},{\"@type\":\"BreadcrumbList\",\"@id\":\"https:\/\/www.danilostefanovic.com\/about\/#breadcrumb\",\"itemListElement\":[{\"@type\":\"ListItem\",\"position\":1,\"name\":\"Home\",\"item\":\"https:\/\/www.danilostefanovic.com\/\"},{\"@type\":\"ListItem\",\"position\":2,\"name\":\"About\"}]},{\"@type\":\"WebSite\",\"@id\":\"https:\/\/www.danilostefanovic.com\/#website\",\"url\":\"https:\/\/www.danilostefanovic.com\/\",\"name\":\"Danilo Stefanovi\u0107\",\"description\":\"Fotografije prirode i pejza\u017ea\",\"potentialAction\":[{\"@type\":\"SearchAction\",\"target\":{\"@type\":\"EntryPoint\",\"urlTemplate\":\"https:\/\/www.danilostefanovic.com\/?s={search_term_string}\"},\"query-input\":{\"@type\":\"PropertyValueSpecification\",\"valueRequired\":true,\"valueName\":\"search_term_string\"}}],\"inLanguage\":\"rs\"}]}<\/script>\n<!-- \/ Yoast SEO plugin. -->","yoast_head_json":{"title":"O meni | Danilo Stefanovi\u0107","description":"I was born and grew up in city of \u0160abac, in western Serbia. After high school I moved to Novi Sad to continue with my studies at Faculty of Technical Sciences...","robots":{"index":"index","follow":"follow","max-snippet":"max-snippet:-1","max-image-preview":"max-image-preview:large","max-video-preview":"max-video-preview:-1"},"canonical":"https:\/\/www.danilostefanovic.com\/about\/","og_locale":"en_US","og_type":"article","og_title":"About me | Danilo Stefanovic","og_description":"I was born and grew up in city of \u0160abac, in western Serbia. After high school I moved to Novi Sad to continue with my studies at Faculty of Technical Sciences...","og_url":"https:\/\/www.danilostefanovic.com\/about\/","og_site_name":"Danilo Stefanovi\u0107","article_publisher":"http:\/\/www.facebook.com\/TalesOfAldebaran","article_modified_time":"2021-04-27T18:24:50+00:00","og_image":[{"width":600,"height":600,"url":"https:\/\/www.danilostefanovic.com\/images\/about.png","type":"image\/png"}],"twitter_card":"summary_large_image","twitter_title":"About me | Danilo Stefanovic","twitter_misc":{"Est. reading time":"4 minutes"},"schema":{"@context":"https:\/\/schema.org","@graph":[{"@type":"WebPage","@id":"https:\/\/www.danilostefanovic.com\/about\/","url":"https:\/\/www.danilostefanovic.com\/about\/","name":"O meni | Danilo Stefanovi\u0107","isPartOf":{"@id":"https:\/\/www.danilostefanovic.com\/#website"},"primaryImageOfPage":{"@id":"https:\/\/www.danilostefanovic.com\/about\/#primaryimage"},"image":{"@id":"https:\/\/www.danilostefanovic.com\/about\/#primaryimage"},"thumbnailUrl":"http:\/\/www.danilostefanovic.com\/images\/about.png","datePublished":"2015-06-11T23:27:22+00:00","dateModified":"2021-04-27T18:24:50+00:00","description":"I was born and grew up in city of \u0160abac, in western Serbia. After high school I moved to Novi Sad to continue with my studies at Faculty of Technical Sciences...","breadcrumb":{"@id":"https:\/\/www.danilostefanovic.com\/about\/#breadcrumb"},"inLanguage":"rs","potentialAction":[{"@type":"ReadAction","target":["https:\/\/www.danilostefanovic.com\/about\/"]}]},{"@type":"ImageObject","inLanguage":"rs","@id":"https:\/\/www.danilostefanovic.com\/about\/#primaryimage","url":"http:\/\/www.danilostefanovic.com\/images\/about.png","contentUrl":"http:\/\/www.danilostefanovic.com\/images\/about.png"},{"@type":"BreadcrumbList","@id":"https:\/\/www.danilostefanovic.com\/about\/#breadcrumb","itemListElement":[{"@type":"ListItem","position":1,"name":"Home","item":"https:\/\/www.danilostefanovic.com\/"},{"@type":"ListItem","position":2,"name":"About"}]},{"@type":"WebSite","@id":"https:\/\/www.danilostefanovic.com\/#website","url":"https:\/\/www.danilostefanovic.com\/","name":"Danilo Stefanovi\u0107","description":"Fotografije prirode i pejza\u017ea","potentialAction":[{"@type":"SearchAction","target":{"@type":"EntryPoint","urlTemplate":"https:\/\/www.danilostefanovic.com\/?s={search_term_string}"},"query-input":{"@type":"PropertyValueSpecification","valueRequired":true,"valueName":"search_term_string"}}],"inLanguage":"rs"}]}},"_links":{"self":[{"href":"https:\/\/www.danilostefanovic.com\/rs\/wp-json\/wp\/v2\/pages\/15","targetHints":{"allow":["GET"]}}],"collection":[{"href":"https:\/\/www.danilostefanovic.com\/rs\/wp-json\/wp\/v2\/pages"}],"about":[{"href":"https:\/\/www.danilostefanovic.com\/rs\/wp-json\/wp\/v2\/types\/page"}],"author":[{"embeddable":true,"href":"https:\/\/www.danilostefanovic.com\/rs\/wp-json\/wp\/v2\/users\/1"}],"replies":[{"embeddable":true,"href":"https:\/\/www.danilostefanovic.com\/rs\/wp-json\/wp\/v2\/comments?post=15"}],"version-history":[{"count":2,"href":"https:\/\/www.danilostefanovic.com\/rs\/wp-json\/wp\/v2\/pages\/15\/revisions"}],"predecessor-version":[{"id":1656,"href":"https:\/\/www.danilostefanovic.com\/rs\/wp-json\/wp\/v2\/pages\/15\/revisions\/1656"}],"wp:attachment":[{"href":"https:\/\/www.danilostefanovic.com\/rs\/wp-json\/wp\/v2\/media?parent=15"}],"curies":[{"name":"wp","href":"https:\/\/api.w.org\/{rel}","templated":true}]}}